{"id":16,"date":"2025-09-03T23:04:26","date_gmt":"2025-09-03T23:04:26","guid":{"rendered":"https:\/\/aristotelesmoreira.com\/?page_id=16"},"modified":"2025-10-14T19:24:32","modified_gmt":"2025-10-14T19:24:32","slug":"em-breve","status":"publish","type":"page","link":"https:\/\/aristotelesmoreira.com\/","title":{"rendered":"Em breve"},"content":{"rendered":"\t\t<div data-elementor-type=\"wp-page\" data-elementor-id=\"16\" class=\"elementor elementor-16\" data-elementor-settings=\"{&quot;ha_cmc_init_switcher&quot;:&quot;no&quot;}\" data-elementor-post-type=\"page\">\n\t\t\t\t<div class=\"elementor-element elementor-element-12e873c e-flex e-con-boxed e-con e-parent\" data-id=\"12e873c\" data-element_type=\"container\" data-e-type=\"container\" data-settings=\"{&quot;_ha_eqh_enable&quot;:false}\">\n\t\t\t\t\t<div class=\"e-con-inner\">\n\t\t\t\t<div class=\"elementor-element elementor-element-e9ae8fb elementor-widget elementor-widget-image\" data-id=\"e9ae8fb\" data-element_type=\"widget\" data-e-type=\"widget\" data-widget_type=\"image.default\">\n\t\t\t\t\t\t\t\t\t\t\t\t\t\t\t<img fetchpriority=\"high\" decoding=\"async\" width=\"800\" height=\"417\" src=\"https:\/\/aristotelesmoreira.com\/wp-content\/uploads\/2025\/09\/cropped-logo_AM.png\" class=\"attachment-large size-large wp-image-30\" alt=\"\" srcset=\"https:\/\/aristotelesmoreira.com\/wp-content\/uploads\/2025\/09\/cropped-logo_AM.png 1000w, https:\/\/aristotelesmoreira.com\/wp-content\/uploads\/2025\/09\/cropped-logo_AM-300x156.png 300w, https:\/\/aristotelesmoreira.com\/wp-content\/uploads\/2025\/09\/cropped-logo_AM-768x400.png 768w\" sizes=\"(max-width: 800px) 100vw, 800px\" \/>\t\t\t\t\t\t\t\t\t\t\t\t\t\t\t<\/div>\n\t\t\t\t<div class=\"elementor-element elementor-element-df64da7 elementor-widget-divider--view-line elementor-widget elementor-widget-divider\" data-id=\"df64da7\" data-element_type=\"widget\" data-e-type=\"widget\" data-widget_type=\"divider.default\">\n\t\t\t\t\t\t\t<div class=\"elementor-divider\">\n\t\t\t<span class=\"elementor-divider-separator\">\n\t\t\t\t\t\t<\/span>\n\t\t<\/div>\n\t\t\t\t\t\t<\/div>\n\t\t\t\t<div class=\"elementor-element elementor-element-2868cbf elementor-widget elementor-widget-heading\" data-id=\"2868cbf\" data-element_type=\"widget\" data-e-type=\"widget\" data-widget_type=\"heading.default\">\n\t\t\t\t\t<h2 class=\"elementor-heading-title elementor-size-default\">Em breve novo site.<\/h2>\t\t\t\t<\/div>\n\t\t\t\t<div class=\"elementor-element elementor-element-fda9a8b elementor-widget elementor-widget-text-editor\" data-id=\"fda9a8b\" data-element_type=\"widget\" data-e-type=\"widget\" data-widget_type=\"text-editor.default\">\n\t\t\t\t\t\t\t\t\t<p class=\"address_footer\"><strong>Salvador<\/strong> &#8211; Al. Salvador, 1057 &#8211; Salvador Shopp. Business &#8211; Tr. Am\u00e9rica &#8211; conj 1402 &#8211; 41820-790 &#8211; Salvador &#8211; BA<\/p><p class=\"address_footer\"><strong>S\u00e3o Paulo<\/strong> &#8211; Avenida Nove de Julho 4325, Jardim Paulistano, CEP 01407-100, S\u00e3o Paulo, Capital<\/p>\t\t\t\t\t\t\t\t<\/div>\n\t\t\t\t<div class=\"elementor-element elementor-element-587264a elementor-icon-list--layout-inline elementor-align-center elementor-list-item-link-full_width elementor-widget elementor-widget-icon-list\" data-id=\"587264a\" data-element_type=\"widget\" data-e-type=\"widget\" data-widget_type=\"icon-list.default\">\n\t\t\t\t\t\t\t<ul class=\"elementor-icon-list-items elementor-inline-items\">\n\t\t\t\t\t\t\t<li class=\"elementor-icon-list-item elementor-inline-item\">\n\t\t\t\t\t\t\t\t\t\t\t<span class=\"elementor-icon-list-icon\">\n\t\t\t\t\t\t\t<i aria-hidden=\"true\" class=\"huge huge-mail-01\"><\/i>\t\t\t\t\t\t<\/span>\n\t\t\t\t\t\t\t\t\t\t<span class=\"elementor-icon-list-text\">contato@aristotelesmoreira.com<\/span>\n\t\t\t\t\t\t\t\t\t<\/li>\n\t\t\t\t\t\t\t\t<li class=\"elementor-icon-list-item elementor-inline-item\">\n\t\t\t\t\t\t\t\t\t\t\t<span class=\"elementor-icon-list-icon\">\n\t\t\t\t\t\t\t<i aria-hidden=\"true\" class=\"huge huge-whatsapp\"><\/i>\t\t\t\t\t\t<\/span>\n\t\t\t\t\t\t\t\t\t\t<span class=\"elementor-icon-list-text\">+55 71 3351-0126 <\/span>\n\t\t\t\t\t\t\t\t\t<\/li>\n\t\t\t\t\t\t\t\t<li class=\"elementor-icon-list-item elementor-inline-item\">\n\t\t\t\t\t\t\t\t\t\t\t<span class=\"elementor-icon-list-icon\">\n\t\t\t\t\t\t\t<i aria-hidden=\"true\" class=\"huge huge-whatsapp\"><\/i>\t\t\t\t\t\t<\/span>\n\t\t\t\t\t\t\t\t\t\t<span class=\"elementor-icon-list-text\">+55 11 3578 7736<\/span>\n\t\t\t\t\t\t\t\t\t<\/li>\n\t\t\t\t\t\t<\/ul>\n\t\t\t\t\t\t<\/div>\n\t\t\t\t\t<\/div>\n\t\t\t\t<\/div>\n\t\t\t\t<\/div>\n\t\t","protected":false},"excerpt":{"rendered":"<p>Em breve novo site. Salvador &#8211; Al. Salvador, 1057 &#8211; Salvador Shopp. Business &#8211; Tr. Am\u00e9rica &#8211; conj 1402 &#8211; 41820-790 &#8211; Salvador &#8211; BA S\u00e3o Paulo &#8211; Avenida Nove de Julho 4325, Jardim Paulistano, CEP 01407-100, S\u00e3o Paulo, Capital contato@aristotelesmoreira.com +55 71 3351-0126 +55 11 3578 7736<\/p>\n","protected":false},"author":1,"featured_media":0,"parent":0,"menu_order":0,"comment_status":"closed","ping_status":"closed","template":"elementor_canvas","meta":{"footnotes":""},"class_list":["post-16","page","type-page","status-publish","hentry"],"_links":{"self":[{"href":"https:\/\/aristotelesmoreira.com\/index.php?rest_route=\/wp\/v2\/pages\/16","targetHints":{"allow":["GET"]}}],"collection":[{"href":"https:\/\/aristotelesmoreira.com\/index.php?rest_route=\/wp\/v2\/pages"}],"about":[{"href":"https:\/\/aristotelesmoreira.com\/index.php?rest_route=\/wp\/v2\/types\/page"}],"author":[{"embeddable":true,"href":"https:\/\/aristotelesmoreira.com\/index.php?rest_route=\/wp\/v2\/users\/1"}],"replies":[{"embeddable":true,"href":"https:\/\/aristotelesmoreira.com\/index.php?rest_route=%2Fwp%2Fv2%2Fcomments&post=16"}],"version-history":[{"count":79,"href":"https:\/\/aristotelesmoreira.com\/index.php?rest_route=\/wp\/v2\/pages\/16\/revisions"}],"predecessor-version":[{"id":125,"href":"https:\/\/aristotelesmoreira.com\/index.php?rest_route=\/wp\/v2\/pages\/16\/revisions\/125"}],"wp:attachment":[{"href":"https:\/\/aristotelesmoreira.com\/index.php?rest_route=%2Fwp%2Fv2%2Fmedia&parent=16"}],"curies":[{"name":"wp","href":"https:\/\/api.w.org\/{rel}","templated":true}]}}